{"id":287,"date":"2025-02-12T11:15:08","date_gmt":"2025-02-12T11:15:08","guid":{"rendered":"https:\/\/villabogart.hu\/?page_id=287"},"modified":"2026-02-11T17:46:09","modified_gmt":"2026-02-11T16:46:09","slug":"eskuvok","status":"publish","type":"page","link":"https:\/\/villabogart.hu\/de_de\/veranstaltungen\/eide\/","title":{"rendered":"Hochzeiten"},"content":{"rendered":"","protected":false},"excerpt":{"rendered":"","protected":false},"author":1,"featured_media":895,"parent":274,"menu_order":0,"comment_status":"closed","ping_status":"closed","template":"","meta":{"_acf_changed":false,"footnotes":""},"class_list":["post-287","page","type-page","status-publish","has-post-thumbnail","hentry"],"acf":[],"yoast_head":"<!-- This site is optimized with the Yoast SEO plugin v24.6 - https:\/\/yoast.com\/wordpress\/plugins\/seo\/ -->\n<title>Esk\u00fcv\u0151 - VILLABOGArT<\/title>\n<meta name=\"description\" content=\"Var\u00e1zslatos esk\u00fcv\u0151 a Villa Bogart birtokon! T\u00f6rt\u00e9nelmi kast\u00e9ly, meghitt k\u00e1polna \u00e9s exkluz\u00edv rendezv\u00e9nyhelysz\u00ednek egy helyen.\" \/>\n<meta name=\"robots\" content=\"index, follow, max-snippet:-1, max-image-preview:large, max-video-preview:-1\" \/>\n<link rel=\"canonical\" href=\"https:\/\/villabogart.hu\/de_de\/veranstaltungen\/eide\/\" \/>\n<meta property=\"og:locale\" content=\"de_DE\" \/>\n<meta property=\"og:type\" content=\"article\" \/>\n<meta property=\"og:title\" content=\"Esk\u00fcv\u0151 - VILLABOGArT\" \/>\n<meta property=\"og:description\" content=\"Var\u00e1zslatos esk\u00fcv\u0151 a Villa Bogart birtokon! T\u00f6rt\u00e9nelmi kast\u00e9ly, meghitt k\u00e1polna \u00e9s exkluz\u00edv rendezv\u00e9nyhelysz\u00ednek egy helyen.\" \/>\n<meta property=\"og:url\" content=\"https:\/\/villabogart.hu\/de_de\/veranstaltungen\/eide\/\" \/>\n<meta property=\"og:site_name\" content=\"VILLABOGArT\" \/>\n<meta property=\"article:publisher\" content=\"https:\/\/www.facebook.com\/villabogart\" \/>\n<meta property=\"article:modified_time\" content=\"2026-02-11T16:46:09+00:00\" \/>\n<meta property=\"og:image\" content=\"https:\/\/villabogart.hu\/wp-content\/uploads\/2025\/03\/villabogart-kiemelt-scaled.webp\" \/>\n\t<meta property=\"og:image:width\" content=\"2560\" \/>\n\t<meta property=\"og:image:height\" content=\"1442\" \/>\n\t<meta property=\"og:image:type\" content=\"image\/webp\" \/>\n<meta name=\"twitter:card\" content=\"summary_large_image\" \/>\n<meta name=\"twitter:label1\" content=\"Gesch\u00e4tzte Lesezeit\" \/>\n\t<meta name=\"twitter:data1\" content=\"4\u00a0Minuten\" \/>\n<script type=\"application\/ld+json\" class=\"yoast-schema-graph\">{\"@context\":\"https:\/\/schema.org\",\"@graph\":[{\"@type\":\"WebPage\",\"@id\":\"https:\/\/villabogart.hu\/rendezvenyek\/eskuvok\/\",\"url\":\"https:\/\/villabogart.hu\/rendezvenyek\/eskuvok\/\",\"name\":\"Esk\u00fcv\u0151 - VILLABOGArT\",\"isPartOf\":{\"@id\":\"https:\/\/villabogart.hu\/#website\"},\"primaryImageOfPage\":{\"@id\":\"https:\/\/villabogart.hu\/rendezvenyek\/eskuvok\/#primaryimage\"},\"image\":{\"@id\":\"https:\/\/villabogart.hu\/rendezvenyek\/eskuvok\/#primaryimage\"},\"thumbnailUrl\":\"https:\/\/villabogart.hu\/wp-content\/uploads\/2025\/03\/villabogart-kiemelt-scaled.webp\",\"datePublished\":\"2025-02-12T11:15:08+00:00\",\"dateModified\":\"2026-02-11T16:46:09+00:00\",\"description\":\"Var\u00e1zslatos esk\u00fcv\u0151 a Villa Bogart birtokon! T\u00f6rt\u00e9nelmi kast\u00e9ly, meghitt k\u00e1polna \u00e9s exkluz\u00edv rendezv\u00e9nyhelysz\u00ednek egy helyen.\",\"breadcrumb\":{\"@id\":\"https:\/\/villabogart.hu\/rendezvenyek\/eskuvok\/#breadcrumb\"},\"inLanguage\":\"de\",\"potentialAction\":[{\"@type\":\"ReadAction\",\"target\":[\"https:\/\/villabogart.hu\/rendezvenyek\/eskuvok\/\"]}]},{\"@type\":\"ImageObject\",\"inLanguage\":\"de\",\"@id\":\"https:\/\/villabogart.hu\/rendezvenyek\/eskuvok\/#primaryimage\",\"url\":\"https:\/\/villabogart.hu\/wp-content\/uploads\/2025\/03\/villabogart-kiemelt-scaled.webp\",\"contentUrl\":\"https:\/\/villabogart.hu\/wp-content\/uploads\/2025\/03\/villabogart-kiemelt-scaled.webp\",\"width\":2560,\"height\":1442},{\"@type\":\"BreadcrumbList\",\"@id\":\"https:\/\/villabogart.hu\/rendezvenyek\/eskuvok\/#breadcrumb\",\"itemListElement\":[{\"@type\":\"ListItem\",\"position\":1,\"name\":\"Home\",\"item\":\"https:\/\/villabogart.hu\/\"},{\"@type\":\"ListItem\",\"position\":2,\"name\":\"Rendezv\u00e9nyek\",\"item\":\"https:\/\/villabogart.hu\/rendezvenyek\/\"},{\"@type\":\"ListItem\",\"position\":3,\"name\":\"Esk\u00fcv\u0151k\"}]},{\"@type\":\"WebSite\",\"@id\":\"https:\/\/villabogart.hu\/#website\",\"url\":\"https:\/\/villabogart.hu\/\",\"name\":\"VILLABOGArT\",\"description\":\"Villa Bogart\",\"publisher\":{\"@id\":\"https:\/\/villabogart.hu\/#organization\"},\"potentialAction\":[{\"@type\":\"SearchAction\",\"target\":{\"@type\":\"EntryPoint\",\"urlTemplate\":\"https:\/\/villabogart.hu\/?s={search_term_string}\"},\"query-input\":{\"@type\":\"PropertyValueSpecification\",\"valueRequired\":true,\"valueName\":\"search_term_string\"}}],\"inLanguage\":\"de\"},{\"@type\":\"Organization\",\"@id\":\"https:\/\/villabogart.hu\/#organization\",\"name\":\"VILLABOGArT\",\"url\":\"https:\/\/villabogart.hu\/\",\"logo\":{\"@type\":\"ImageObject\",\"inLanguage\":\"de\",\"@id\":\"https:\/\/villabogart.hu\/#\/schema\/logo\/image\/\",\"url\":\"https:\/\/villabogart.hu\/wp-content\/uploads\/2025\/02\/villa-bogart-logo-fekete.png\",\"contentUrl\":\"https:\/\/villabogart.hu\/wp-content\/uploads\/2025\/02\/villa-bogart-logo-fekete.png\",\"width\":256,\"height\":287,\"caption\":\"VILLABOGArT\"},\"image\":{\"@id\":\"https:\/\/villabogart.hu\/#\/schema\/logo\/image\/\"},\"sameAs\":[\"https:\/\/www.facebook.com\/villabogart\",\"https:\/\/www.instagram.com\/villabogart_vendeghaz\/\",\"https:\/\/www.tiktok.com\/@villabogart\"]}]}<\/script>\n<!-- \/ Yoast SEO plugin. -->","yoast_head_json":{"title":"Esk\u00fcv\u0151 - VILLABOGArT","description":"Var\u00e1zslatos esk\u00fcv\u0151 a Villa Bogart birtokon! T\u00f6rt\u00e9nelmi kast\u00e9ly, meghitt k\u00e1polna \u00e9s exkluz\u00edv rendezv\u00e9nyhelysz\u00ednek egy helyen.","robots":{"index":"index","follow":"follow","max-snippet":"max-snippet:-1","max-image-preview":"max-image-preview:large","max-video-preview":"max-video-preview:-1"},"canonical":"https:\/\/villabogart.hu\/de_de\/veranstaltungen\/eide\/","og_locale":"de_DE","og_type":"article","og_title":"Esk\u00fcv\u0151 - VILLABOGArT","og_description":"Var\u00e1zslatos esk\u00fcv\u0151 a Villa Bogart birtokon! T\u00f6rt\u00e9nelmi kast\u00e9ly, meghitt k\u00e1polna \u00e9s exkluz\u00edv rendezv\u00e9nyhelysz\u00ednek egy helyen.","og_url":"https:\/\/villabogart.hu\/de_de\/veranstaltungen\/eide\/","og_site_name":"VILLABOGArT","article_publisher":"https:\/\/www.facebook.com\/villabogart","article_modified_time":"2026-02-11T16:46:09+00:00","og_image":[{"width":2560,"height":1442,"url":"https:\/\/villabogart.hu\/wp-content\/uploads\/2025\/03\/villabogart-kiemelt-scaled.webp","type":"image\/webp"}],"twitter_card":"summary_large_image","twitter_misc":{"Gesch\u00e4tzte Lesezeit":"4\u00a0Minuten"},"schema":{"@context":"https:\/\/schema.org","@graph":[{"@type":"WebPage","@id":"https:\/\/villabogart.hu\/rendezvenyek\/eskuvok\/","url":"https:\/\/villabogart.hu\/rendezvenyek\/eskuvok\/","name":"Esk\u00fcv\u0151 - VILLABOGArT","isPartOf":{"@id":"https:\/\/villabogart.hu\/#website"},"primaryImageOfPage":{"@id":"https:\/\/villabogart.hu\/rendezvenyek\/eskuvok\/#primaryimage"},"image":{"@id":"https:\/\/villabogart.hu\/rendezvenyek\/eskuvok\/#primaryimage"},"thumbnailUrl":"https:\/\/villabogart.hu\/wp-content\/uploads\/2025\/03\/villabogart-kiemelt-scaled.webp","datePublished":"2025-02-12T11:15:08+00:00","dateModified":"2026-02-11T16:46:09+00:00","description":"Var\u00e1zslatos esk\u00fcv\u0151 a Villa Bogart birtokon! T\u00f6rt\u00e9nelmi kast\u00e9ly, meghitt k\u00e1polna \u00e9s exkluz\u00edv rendezv\u00e9nyhelysz\u00ednek egy helyen.","breadcrumb":{"@id":"https:\/\/villabogart.hu\/rendezvenyek\/eskuvok\/#breadcrumb"},"inLanguage":"de","potentialAction":[{"@type":"ReadAction","target":["https:\/\/villabogart.hu\/rendezvenyek\/eskuvok\/"]}]},{"@type":"ImageObject","inLanguage":"de","@id":"https:\/\/villabogart.hu\/rendezvenyek\/eskuvok\/#primaryimage","url":"https:\/\/villabogart.hu\/wp-content\/uploads\/2025\/03\/villabogart-kiemelt-scaled.webp","contentUrl":"https:\/\/villabogart.hu\/wp-content\/uploads\/2025\/03\/villabogart-kiemelt-scaled.webp","width":2560,"height":1442},{"@type":"BreadcrumbList","@id":"https:\/\/villabogart.hu\/rendezvenyek\/eskuvok\/#breadcrumb","itemListElement":[{"@type":"ListItem","position":1,"name":"Home","item":"https:\/\/villabogart.hu\/"},{"@type":"ListItem","position":2,"name":"Rendezv\u00e9nyek","item":"https:\/\/villabogart.hu\/rendezvenyek\/"},{"@type":"ListItem","position":3,"name":"Esk\u00fcv\u0151k"}]},{"@type":"WebSite","@id":"https:\/\/villabogart.hu\/#website","url":"https:\/\/villabogart.hu\/","name":"VILLABOGArT","description":"Villa Bogart","publisher":{"@id":"https:\/\/villabogart.hu\/#organization"},"potentialAction":[{"@type":"SearchAction","target":{"@type":"EntryPoint","urlTemplate":"https:\/\/villabogart.hu\/?s={search_term_string}"},"query-input":{"@type":"PropertyValueSpecification","valueRequired":true,"valueName":"search_term_string"}}],"inLanguage":"de"},{"@type":"Organization","@id":"https:\/\/villabogart.hu\/#organization","name":"VILLABOGArT","url":"https:\/\/villabogart.hu\/","logo":{"@type":"ImageObject","inLanguage":"de","@id":"https:\/\/villabogart.hu\/#\/schema\/logo\/image\/","url":"https:\/\/villabogart.hu\/wp-content\/uploads\/2025\/02\/villa-bogart-logo-fekete.png","contentUrl":"https:\/\/villabogart.hu\/wp-content\/uploads\/2025\/02\/villa-bogart-logo-fekete.png","width":256,"height":287,"caption":"VILLABOGArT"},"image":{"@id":"https:\/\/villabogart.hu\/#\/schema\/logo\/image\/"},"sameAs":["https:\/\/www.facebook.com\/villabogart","https:\/\/www.instagram.com\/villabogart_vendeghaz\/","https:\/\/www.tiktok.com\/@villabogart"]}]}},"_links":{"self":[{"href":"https:\/\/villabogart.hu\/de_de\/wp-json\/wp\/v2\/pages\/287","targetHints":{"allow":["GET"]}}],"collection":[{"href":"https:\/\/villabogart.hu\/de_de\/wp-json\/wp\/v2\/pages"}],"about":[{"href":"https:\/\/villabogart.hu\/de_de\/wp-json\/wp\/v2\/types\/page"}],"author":[{"embeddable":true,"href":"https:\/\/villabogart.hu\/de_de\/wp-json\/wp\/v2\/users\/1"}],"replies":[{"embeddable":true,"href":"https:\/\/villabogart.hu\/de_de\/wp-json\/wp\/v2\/comments?post=287"}],"version-history":[{"count":36,"href":"https:\/\/villabogart.hu\/de_de\/wp-json\/wp\/v2\/pages\/287\/revisions"}],"predecessor-version":[{"id":1984,"href":"https:\/\/villabogart.hu\/de_de\/wp-json\/wp\/v2\/pages\/287\/revisions\/1984"}],"up":[{"embeddable":true,"href":"https:\/\/villabogart.hu\/de_de\/wp-json\/wp\/v2\/pages\/274"}],"wp:featuredmedia":[{"embeddable":true,"href":"https:\/\/villabogart.hu\/de_de\/wp-json\/wp\/v2\/media\/895"}],"wp:attachment":[{"href":"https:\/\/villabogart.hu\/de_de\/wp-json\/wp\/v2\/media?parent=287"}],"curies":[{"name":"wp","href":"https:\/\/api.w.org\/{rel}","templated":true}]}}